{"id":2,"date":"2021-12-20T16:12:10","date_gmt":"2021-12-20T15:12:10","guid":{"rendered":"http:\/\/www.drinkatering.com\/?page_id=2"},"modified":"2025-01-24T03:55:15","modified_gmt":"2025-01-24T02:55:15","slug":"sample-page","status":"publish","type":"page","link":"https:\/\/drinkatering.com\/en\/pagina-di-esempio\/","title":{"rendered":"Example page"},"content":{"rendered":"<p>Questa \u00e8 una pagina di esempio. Differisce da un articolo di un blog perch\u00e9 rimane sempre allo stesso posto e (in molti temi) appare nel menu di navigazione. Molte persone iniziano con una pagina di Informazioni che li presentano ai visitatori del sito. Potrebbe apparire una presentazione del tipo:<\/p>\r\n\r\n\r\n\r\n<blockquote class=\"wp-block-quote is-layout-flow wp-block-quote-is-layout-flow\">\r\n<p>Ciao! Sono un fattorino ciclista di giorno, aspirante attore di notte e questo \u00e8 il mio sito web. Vivo a Los Angeles, ho un grande cane di nome Jack e mi piace la pi\u00f1a colada. (E prendere la pioggia)<\/p>\r\n<\/blockquote>\r\n\r\n\r\n\r\n<p>&#8230;o qualcosa di simile:<\/p>\r\n\r\n\r\n\r\n<blockquote class=\"wp-block-quote is-layout-flow wp-block-quote-is-layout-flow\">\r\n<p>La Societ\u00e0 XYZ Aggeggi \u00e8 stata fondata nel 1971 e da allora fornisce al pubblico aggeggi di ottima qualit\u00e0. Situata a Fantasilandia, XYZ impiega oltre 2.000 persone e realizza ogni sorta di aggeggio fantastico per la comunit\u00e0 di Fantasilandia.<\/p>\r\n<\/blockquote>\r\n\r\n\r\n\r\n<p>As a new WordPress user, you should go to your <a href=\"https:\/\/drinkatering.com\/wp-admin\/\">Notice board<\/a> to delete this page and create new ones for your content. Have fun!<\/p>","protected":false},"excerpt":{"rendered":"<p>Questa \u00e8 una pagina di esempio. Differisce da un articolo di un blog perch\u00e9 rimane sempre allo stesso posto e (in molti temi) appare nel menu di navigazione. Molte persone iniziano con una pagina di Informazioni che li presentano ai visitatori del sito. Potrebbe apparire una presentazione del tipo: Ciao! Sono un fattorino ciclista di [&#8230;]<\/p>\n<p><a class=\"btn btn-secondary dkr-read-more-link\" href=\"https:\/\/drinkatering.com\/en\/pagina-di-esempio\/\">Read More&#8230;<\/a><\/p>\n","protected":false},"author":10,"featured_media":0,"parent":0,"menu_order":14,"comment_status":"closed","ping_status":"open","template":"","meta":{"_acf_changed":false,"footnotes":""},"class_list":["post-2","page","type-page","status-publish","hentry"],"acf":[],"yoast_head":"<!-- This site is optimized with the Yoast SEO plugin v27.4 - https:\/\/yoast.com\/product\/yoast-seo-wordpress\/ -->\n<title>Pagina di Esempio - Scopri il Mondo di Drinkatering<\/title>\n<meta name=\"description\" content=\"Pagina di esempio: scopri come personalizzare i tuoi contenuti per comunicare efficacemente la sostenibilit\u00e0 e l\u2019innovazione.\" \/>\n<meta name=\"robots\" content=\"index, follow, max-snippet:-1, max-image-preview:large, max-video-preview:-1\" \/>\n<link rel=\"canonical\" href=\"https:\/\/drinkatering.com\/en\/sample-page\/\" \/>\n<meta property=\"og:locale\" content=\"en_GB\" \/>\n<meta property=\"og:type\" content=\"article\" \/>\n<meta property=\"og:title\" content=\"Pagina di Esempio - Scopri il Mondo di Drinkatering\" \/>\n<meta property=\"og:description\" content=\"Pagina di esempio: scopri come personalizzare i tuoi contenuti per comunicare efficacemente la sostenibilit\u00e0 e l\u2019innovazione.\" \/>\n<meta property=\"og:url\" content=\"https:\/\/drinkatering.com\/en\/sample-page\/\" \/>\n<meta property=\"og:site_name\" content=\"DKR\" \/>\n<meta property=\"article:publisher\" content=\"https:\/\/www.facebook.com\/dkrdrinkatering\" \/>\n<meta property=\"article:modified_time\" content=\"2025-01-24T02:55:15+00:00\" \/>\n<meta name=\"twitter:card\" content=\"summary_large_image\" \/>\n<meta name=\"twitter:label1\" content=\"Estimated reading time\" \/>\n\t<meta name=\"twitter:data1\" content=\"1 minute\" \/>\n<script type=\"application\/ld+json\" class=\"yoast-schema-graph\">{\"@context\":\"https:\\\/\\\/schema.org\",\"@graph\":[{\"@type\":\"WebPage\",\"@id\":\"https:\\\/\\\/drinkatering.com\\\/pagina-di-esempio\\\/\",\"url\":\"https:\\\/\\\/drinkatering.com\\\/pagina-di-esempio\\\/\",\"name\":\"Pagina di Esempio - Scopri il Mondo di Drinkatering\",\"isPartOf\":{\"@id\":\"https:\\\/\\\/drinkatering.com\\\/#website\"},\"datePublished\":\"2021-12-20T15:12:10+00:00\",\"dateModified\":\"2025-01-24T02:55:15+00:00\",\"description\":\"Pagina di esempio: scopri come personalizzare i tuoi contenuti per comunicare efficacemente la sostenibilit\u00e0 e l\u2019innovazione.\",\"breadcrumb\":{\"@id\":\"https:\\\/\\\/drinkatering.com\\\/pagina-di-esempio\\\/#breadcrumb\"},\"inLanguage\":\"en-GB\",\"potentialAction\":[{\"@type\":\"ReadAction\",\"target\":[\"https:\\\/\\\/drinkatering.com\\\/pagina-di-esempio\\\/\"]}]},{\"@type\":\"BreadcrumbList\",\"@id\":\"https:\\\/\\\/drinkatering.com\\\/pagina-di-esempio\\\/#breadcrumb\",\"itemListElement\":[{\"@type\":\"ListItem\",\"position\":1,\"name\":\"Home\",\"item\":\"https:\\\/\\\/drinkatering.com\\\/\"},{\"@type\":\"ListItem\",\"position\":2,\"name\":\"Pagina di esempio\"}]},{\"@type\":\"WebSite\",\"@id\":\"https:\\\/\\\/drinkatering.com\\\/#website\",\"url\":\"https:\\\/\\\/drinkatering.com\\\/\",\"name\":\"drinkatering\",\"description\":\"Case dell&#039;Acqua e Apparecchiature per Erogazione Bevande\",\"publisher\":{\"@id\":\"https:\\\/\\\/drinkatering.com\\\/#organization\"},\"potentialAction\":[{\"@type\":\"SearchAction\",\"target\":{\"@type\":\"EntryPoint\",\"urlTemplate\":\"https:\\\/\\\/drinkatering.com\\\/?s={search_term_string}\"},\"query-input\":{\"@type\":\"PropertyValueSpecification\",\"valueRequired\":true,\"valueName\":\"search_term_string\"}}],\"inLanguage\":\"en-GB\"},{\"@type\":\"Organization\",\"@id\":\"https:\\\/\\\/drinkatering.com\\\/#organization\",\"name\":\"drinkatering\",\"url\":\"https:\\\/\\\/drinkatering.com\\\/\",\"logo\":{\"@type\":\"ImageObject\",\"inLanguage\":\"en-GB\",\"@id\":\"https:\\\/\\\/drinkatering.com\\\/#\\\/schema\\\/logo\\\/image\\\/\",\"url\":\"https:\\\/\\\/drinkatering.com\\\/wp-content\\\/uploads\\\/2022\\\/01\\\/logo.png\",\"contentUrl\":\"https:\\\/\\\/drinkatering.com\\\/wp-content\\\/uploads\\\/2022\\\/01\\\/logo.png\",\"width\":168,\"height\":74,\"caption\":\"drinkatering\"},\"image\":{\"@id\":\"https:\\\/\\\/drinkatering.com\\\/#\\\/schema\\\/logo\\\/image\\\/\"},\"sameAs\":[\"https:\\\/\\\/www.facebook.com\\\/dkrdrinkatering\",\"https:\\\/\\\/www.linkedin.com\\\/company\\\/dkr-drinkatering\\\/\"]}]}<\/script>\n<!-- \/ Yoast SEO plugin. -->","yoast_head_json":{"title":"Sample Page - Discover the World of Drinkatering","description":"Sample page: find out how to customise your content to effectively communicate sustainability and innovation.","robots":{"index":"index","follow":"follow","max-snippet":"max-snippet:-1","max-image-preview":"max-image-preview:large","max-video-preview":"max-video-preview:-1"},"canonical":"https:\/\/drinkatering.com\/en\/sample-page\/","og_locale":"en_GB","og_type":"article","og_title":"Pagina di Esempio - Scopri il Mondo di Drinkatering","og_description":"Pagina di esempio: scopri come personalizzare i tuoi contenuti per comunicare efficacemente la sostenibilit\u00e0 e l\u2019innovazione.","og_url":"https:\/\/drinkatering.com\/en\/sample-page\/","og_site_name":"DKR","article_publisher":"https:\/\/www.facebook.com\/dkrdrinkatering","article_modified_time":"2025-01-24T02:55:15+00:00","twitter_card":"summary_large_image","twitter_misc":{"Estimated reading time":"1 minute"},"schema":{"@context":"https:\/\/schema.org","@graph":[{"@type":"WebPage","@id":"https:\/\/drinkatering.com\/pagina-di-esempio\/","url":"https:\/\/drinkatering.com\/pagina-di-esempio\/","name":"Sample Page - Discover the World of Drinkatering","isPartOf":{"@id":"https:\/\/drinkatering.com\/#website"},"datePublished":"2021-12-20T15:12:10+00:00","dateModified":"2025-01-24T02:55:15+00:00","description":"Sample page: find out how to customise your content to effectively communicate sustainability and innovation.","breadcrumb":{"@id":"https:\/\/drinkatering.com\/pagina-di-esempio\/#breadcrumb"},"inLanguage":"en-GB","potentialAction":[{"@type":"ReadAction","target":["https:\/\/drinkatering.com\/pagina-di-esempio\/"]}]},{"@type":"BreadcrumbList","@id":"https:\/\/drinkatering.com\/pagina-di-esempio\/#breadcrumb","itemListElement":[{"@type":"ListItem","position":1,"name":"Home","item":"https:\/\/drinkatering.com\/"},{"@type":"ListItem","position":2,"name":"Pagina di esempio"}]},{"@type":"WebSite","@id":"https:\/\/drinkatering.com\/#website","url":"https:\/\/drinkatering.com\/","name":"drinkatering","description":"Public Fountains and Beverage Dispensing Equipment","publisher":{"@id":"https:\/\/drinkatering.com\/#organization"},"potentialAction":[{"@type":"SearchAction","target":{"@type":"EntryPoint","urlTemplate":"https:\/\/drinkatering.com\/?s={search_term_string}"},"query-input":{"@type":"PropertyValueSpecification","valueRequired":true,"valueName":"search_term_string"}}],"inLanguage":"en-GB"},{"@type":"Organization","@id":"https:\/\/drinkatering.com\/#organization","name":"drinkatering","url":"https:\/\/drinkatering.com\/","logo":{"@type":"ImageObject","inLanguage":"en-GB","@id":"https:\/\/drinkatering.com\/#\/schema\/logo\/image\/","url":"https:\/\/drinkatering.com\/wp-content\/uploads\/2022\/01\/logo.png","contentUrl":"https:\/\/drinkatering.com\/wp-content\/uploads\/2022\/01\/logo.png","width":168,"height":74,"caption":"drinkatering"},"image":{"@id":"https:\/\/drinkatering.com\/#\/schema\/logo\/image\/"},"sameAs":["https:\/\/www.facebook.com\/dkrdrinkatering","https:\/\/www.linkedin.com\/company\/dkr-drinkatering\/"]}]}},"_links":{"self":[{"href":"https:\/\/drinkatering.com\/en\/wp-json\/wp\/v2\/pages\/2","targetHints":{"allow":["GET"]}}],"collection":[{"href":"https:\/\/drinkatering.com\/en\/wp-json\/wp\/v2\/pages"}],"about":[{"href":"https:\/\/drinkatering.com\/en\/wp-json\/wp\/v2\/types\/page"}],"author":[{"embeddable":true,"href":"https:\/\/drinkatering.com\/en\/wp-json\/wp\/v2\/users\/10"}],"replies":[{"embeddable":true,"href":"https:\/\/drinkatering.com\/en\/wp-json\/wp\/v2\/comments?post=2"}],"version-history":[{"count":0,"href":"https:\/\/drinkatering.com\/en\/wp-json\/wp\/v2\/pages\/2\/revisions"}],"wp:attachment":[{"href":"https:\/\/drinkatering.com\/en\/wp-json\/wp\/v2\/media?parent=2"}],"curies":[{"name":"wp","href":"https:\/\/api.w.org\/{rel}","templated":true}]}}