{"id":6080,"date":"2024-02-26T11:27:48","date_gmt":"2024-02-26T10:27:48","guid":{"rendered":"https:\/\/www.drinkatering.com\/?post_type=product&#038;p=6080"},"modified":"2025-04-02T10:08:03","modified_gmt":"2025-04-02T08:08:03","slug":"hl","status":"publish","type":"product","link":"https:\/\/drinkatering.com\/es\/prodotti\/case-acqua\/impianti\/vani-di-erogazione\/hl\/","title":{"rendered":"HL"},"content":{"rendered":"<p>Pellentesque habitant morbi tristique senectus et netus et malesuada fames ac turpis egestas. Vestibulum tortor quam, feugiat vitae, ultricies eget, tempor sit amet, ante. Donec eu libero sit amet quam egestas semper. Aenean ultricies mi vitae est. Mauris placerat eleifend leo.<\/p>","protected":false},"excerpt":{"rendered":"<p>This is an external product. [&#8230;]<\/p>\n<p><a class=\"btn btn-secondary dkr-read-more-link\" href=\"https:\/\/drinkatering.com\/es\/prodotti\/case-acqua\/impianti\/vani-di-erogazione\/hl\/\">Leer m\u00e1s&#8230;<\/a><\/p>\n","protected":false},"featured_media":6082,"comment_status":"open","ping_status":"closed","template":"","meta":{"_acf_changed":false},"product_brand":[],"product_cat":[84],"product_tag":[],"class_list":{"0":"post-6080","1":"product","2":"type-product","3":"status-publish","4":"has-post-thumbnail","6":"product_cat-vani-di-erogazione","8":"first","9":"instock","10":"shipping-taxable","11":"product-type-simple"},"acf":[],"yoast_head":"<!-- This site is optimized with the Yoast SEO plugin v27.4 - https:\/\/yoast.com\/product\/yoast-seo-wordpress\/ -->\n<title>Distributore automatico Acqua HL | DKR Drinkatering<\/title>\n<meta name=\"description\" content=\"Vano di erogazione inox igienico e durevole senza interstizi con protezione UVC facile da pulire e ideale per strutture pubbliche e prefabbricate.\" \/>\n<meta name=\"robots\" content=\"index, follow, max-snippet:-1, max-image-preview:large, max-video-preview:-1\" \/>\n<link rel=\"canonical\" href=\"https:\/\/drinkatering.com\/es\/productos\/casas-agua\/instalaciones\/compartimentos-dispensadores\/hl\/\" \/>\n<meta property=\"og:locale\" content=\"es_ES\" \/>\n<meta property=\"og:type\" content=\"article\" \/>\n<meta property=\"og:title\" content=\"Distributore automatico Acqua HL | DKR Drinkatering\" \/>\n<meta property=\"og:description\" content=\"Vano di erogazione inox igienico e durevole senza interstizi con protezione UVC facile da pulire e ideale per strutture pubbliche e prefabbricate.\" \/>\n<meta property=\"og:url\" content=\"https:\/\/drinkatering.com\/es\/productos\/casas-agua\/instalaciones\/compartimentos-dispensadores\/hl\/\" \/>\n<meta property=\"og:site_name\" content=\"DKR\" \/>\n<meta property=\"article:publisher\" content=\"https:\/\/www.facebook.com\/dkrdrinkatering\" \/>\n<meta property=\"article:modified_time\" content=\"2025-04-02T08:08:03+00:00\" \/>\n<meta property=\"og:image\" content=\"https:\/\/drinkatering.com\/wp-content\/uploads\/2024\/02\/B_DKR_erogatori02_0018As-copia-scaled.jpg\" \/>\n\t<meta property=\"og:image:width\" content=\"2560\" \/>\n\t<meta property=\"og:image:height\" content=\"1990\" \/>\n\t<meta property=\"og:image:type\" content=\"image\/jpeg\" \/>\n<meta name=\"twitter:card\" content=\"summary_large_image\" \/>\n<meta name=\"twitter:label1\" content=\"Tiempo de lectura\" \/>\n\t<meta name=\"twitter:data1\" content=\"1 minuto\" \/>\n<script type=\"application\/ld+json\" class=\"yoast-schema-graph\">{\"@context\":\"https:\\\/\\\/schema.org\",\"@graph\":[{\"@type\":\"WebPage\",\"@id\":\"https:\\\/\\\/drinkatering.com\\\/prodotti\\\/case-acqua\\\/impianti\\\/vani-di-erogazione\\\/hl\\\/\",\"url\":\"https:\\\/\\\/drinkatering.com\\\/prodotti\\\/case-acqua\\\/impianti\\\/vani-di-erogazione\\\/hl\\\/\",\"name\":\"Distributore automatico Acqua HL | DKR Drinkatering\",\"isPartOf\":{\"@id\":\"https:\\\/\\\/drinkatering.com\\\/#website\"},\"primaryImageOfPage\":{\"@id\":\"https:\\\/\\\/drinkatering.com\\\/prodotti\\\/case-acqua\\\/impianti\\\/vani-di-erogazione\\\/hl\\\/#primaryimage\"},\"image\":{\"@id\":\"https:\\\/\\\/drinkatering.com\\\/prodotti\\\/case-acqua\\\/impianti\\\/vani-di-erogazione\\\/hl\\\/#primaryimage\"},\"thumbnailUrl\":\"https:\\\/\\\/drinkatering.com\\\/wp-content\\\/uploads\\\/2024\\\/02\\\/B_DKR_erogatori02_0018As-copia-scaled.jpg\",\"datePublished\":\"2024-02-26T10:27:48+00:00\",\"dateModified\":\"2025-04-02T08:08:03+00:00\",\"description\":\"Vano di erogazione inox igienico e durevole senza interstizi con protezione UVC facile da pulire e ideale per strutture pubbliche e prefabbricate.\",\"breadcrumb\":{\"@id\":\"https:\\\/\\\/drinkatering.com\\\/prodotti\\\/case-acqua\\\/impianti\\\/vani-di-erogazione\\\/hl\\\/#breadcrumb\"},\"inLanguage\":\"es\",\"potentialAction\":[{\"@type\":\"ReadAction\",\"target\":[\"https:\\\/\\\/drinkatering.com\\\/prodotti\\\/case-acqua\\\/impianti\\\/vani-di-erogazione\\\/hl\\\/\"]}]},{\"@type\":\"ImageObject\",\"inLanguage\":\"es\",\"@id\":\"https:\\\/\\\/drinkatering.com\\\/prodotti\\\/case-acqua\\\/impianti\\\/vani-di-erogazione\\\/hl\\\/#primaryimage\",\"url\":\"https:\\\/\\\/drinkatering.com\\\/wp-content\\\/uploads\\\/2024\\\/02\\\/B_DKR_erogatori02_0018As-copia-scaled.jpg\",\"contentUrl\":\"https:\\\/\\\/drinkatering.com\\\/wp-content\\\/uploads\\\/2024\\\/02\\\/B_DKR_erogatori02_0018As-copia-scaled.jpg\",\"width\":2560,\"height\":1990},{\"@type\":\"BreadcrumbList\",\"@id\":\"https:\\\/\\\/drinkatering.com\\\/prodotti\\\/case-acqua\\\/impianti\\\/vani-di-erogazione\\\/hl\\\/#breadcrumb\",\"itemListElement\":[{\"@type\":\"ListItem\",\"position\":1,\"name\":\"Home\",\"item\":\"https:\\\/\\\/drinkatering.com\\\/\"},{\"@type\":\"ListItem\",\"position\":2,\"name\":\"Shop\",\"item\":\"https:\\\/\\\/drinkatering.com\\\/shop\\\/\"},{\"@type\":\"ListItem\",\"position\":3,\"name\":\"HL\"}]},{\"@type\":\"WebSite\",\"@id\":\"https:\\\/\\\/drinkatering.com\\\/#website\",\"url\":\"https:\\\/\\\/drinkatering.com\\\/\",\"name\":\"drinkatering\",\"description\":\"Case dell&#039;Acqua e Apparecchiature per Erogazione Bevande\",\"publisher\":{\"@id\":\"https:\\\/\\\/drinkatering.com\\\/#organization\"},\"potentialAction\":[{\"@type\":\"SearchAction\",\"target\":{\"@type\":\"EntryPoint\",\"urlTemplate\":\"https:\\\/\\\/drinkatering.com\\\/?s={search_term_string}\"},\"query-input\":{\"@type\":\"PropertyValueSpecification\",\"valueRequired\":true,\"valueName\":\"search_term_string\"}}],\"inLanguage\":\"es\"},{\"@type\":\"Organization\",\"@id\":\"https:\\\/\\\/drinkatering.com\\\/#organization\",\"name\":\"drinkatering\",\"url\":\"https:\\\/\\\/drinkatering.com\\\/\",\"logo\":{\"@type\":\"ImageObject\",\"inLanguage\":\"es\",\"@id\":\"https:\\\/\\\/drinkatering.com\\\/#\\\/schema\\\/logo\\\/image\\\/\",\"url\":\"https:\\\/\\\/drinkatering.com\\\/wp-content\\\/uploads\\\/2022\\\/01\\\/logo.png\",\"contentUrl\":\"https:\\\/\\\/drinkatering.com\\\/wp-content\\\/uploads\\\/2022\\\/01\\\/logo.png\",\"width\":168,\"height\":74,\"caption\":\"drinkatering\"},\"image\":{\"@id\":\"https:\\\/\\\/drinkatering.com\\\/#\\\/schema\\\/logo\\\/image\\\/\"},\"sameAs\":[\"https:\\\/\\\/www.facebook.com\\\/dkrdrinkatering\",\"https:\\\/\\\/www.linkedin.com\\\/company\\\/dkr-drinkatering\\\/\"]}]}<\/script>\n<!-- \/ Yoast SEO plugin. -->","yoast_head_json":{"title":"M\u00e1quina expendedora de agua HL | DKR Drinkatering","description":"Compartimento dispensador higi\u00e9nico y duradero de acero inoxidable sin huecos con protecci\u00f3n UVC f\u00e1cil de limpiar, ideal para instalaciones p\u00fablicas y prefabricadas.","robots":{"index":"index","follow":"follow","max-snippet":"max-snippet:-1","max-image-preview":"max-image-preview:large","max-video-preview":"max-video-preview:-1"},"canonical":"https:\/\/drinkatering.com\/es\/productos\/casas-agua\/instalaciones\/compartimentos-dispensadores\/hl\/","og_locale":"es_ES","og_type":"article","og_title":"Distributore automatico Acqua HL | DKR Drinkatering","og_description":"Vano di erogazione inox igienico e durevole senza interstizi con protezione UVC facile da pulire e ideale per strutture pubbliche e prefabbricate.","og_url":"https:\/\/drinkatering.com\/es\/productos\/casas-agua\/instalaciones\/compartimentos-dispensadores\/hl\/","og_site_name":"DKR","article_publisher":"https:\/\/www.facebook.com\/dkrdrinkatering","article_modified_time":"2025-04-02T08:08:03+00:00","og_image":[{"width":2560,"height":1990,"url":"https:\/\/drinkatering.com\/wp-content\/uploads\/2024\/02\/B_DKR_erogatori02_0018As-copia-scaled.jpg","type":"image\/jpeg"}],"twitter_card":"summary_large_image","twitter_misc":{"Tiempo de lectura":"1 minuto"},"schema":{"@context":"https:\/\/schema.org","@graph":[{"@type":"WebPage","@id":"https:\/\/drinkatering.com\/prodotti\/case-acqua\/impianti\/vani-di-erogazione\/hl\/","url":"https:\/\/drinkatering.com\/prodotti\/case-acqua\/impianti\/vani-di-erogazione\/hl\/","name":"M\u00e1quina expendedora de agua HL | DKR Drinkatering","isPartOf":{"@id":"https:\/\/drinkatering.com\/#website"},"primaryImageOfPage":{"@id":"https:\/\/drinkatering.com\/prodotti\/case-acqua\/impianti\/vani-di-erogazione\/hl\/#primaryimage"},"image":{"@id":"https:\/\/drinkatering.com\/prodotti\/case-acqua\/impianti\/vani-di-erogazione\/hl\/#primaryimage"},"thumbnailUrl":"https:\/\/drinkatering.com\/wp-content\/uploads\/2024\/02\/B_DKR_erogatori02_0018As-copia-scaled.jpg","datePublished":"2024-02-26T10:27:48+00:00","dateModified":"2025-04-02T08:08:03+00:00","description":"Compartimento dispensador higi\u00e9nico y duradero de acero inoxidable sin huecos con protecci\u00f3n UVC f\u00e1cil de limpiar, ideal para instalaciones p\u00fablicas y prefabricadas.","breadcrumb":{"@id":"https:\/\/drinkatering.com\/prodotti\/case-acqua\/impianti\/vani-di-erogazione\/hl\/#breadcrumb"},"inLanguage":"es","potentialAction":[{"@type":"ReadAction","target":["https:\/\/drinkatering.com\/prodotti\/case-acqua\/impianti\/vani-di-erogazione\/hl\/"]}]},{"@type":"ImageObject","inLanguage":"es","@id":"https:\/\/drinkatering.com\/prodotti\/case-acqua\/impianti\/vani-di-erogazione\/hl\/#primaryimage","url":"https:\/\/drinkatering.com\/wp-content\/uploads\/2024\/02\/B_DKR_erogatori02_0018As-copia-scaled.jpg","contentUrl":"https:\/\/drinkatering.com\/wp-content\/uploads\/2024\/02\/B_DKR_erogatori02_0018As-copia-scaled.jpg","width":2560,"height":1990},{"@type":"BreadcrumbList","@id":"https:\/\/drinkatering.com\/prodotti\/case-acqua\/impianti\/vani-di-erogazione\/hl\/#breadcrumb","itemListElement":[{"@type":"ListItem","position":1,"name":"Home","item":"https:\/\/drinkatering.com\/"},{"@type":"ListItem","position":2,"name":"Shop","item":"https:\/\/drinkatering.com\/shop\/"},{"@type":"ListItem","position":3,"name":"HL"}]},{"@type":"WebSite","@id":"https:\/\/drinkatering.com\/#website","url":"https:\/\/drinkatering.com\/","name":"bebiendo","description":"Casas de agua y equipos dispensadores de bebidas","publisher":{"@id":"https:\/\/drinkatering.com\/#organization"},"potentialAction":[{"@type":"SearchAction","target":{"@type":"EntryPoint","urlTemplate":"https:\/\/drinkatering.com\/?s={search_term_string}"},"query-input":{"@type":"PropertyValueSpecification","valueRequired":true,"valueName":"search_term_string"}}],"inLanguage":"es"},{"@type":"Organization","@id":"https:\/\/drinkatering.com\/#organization","name":"bebiendo","url":"https:\/\/drinkatering.com\/","logo":{"@type":"ImageObject","inLanguage":"es","@id":"https:\/\/drinkatering.com\/#\/schema\/logo\/image\/","url":"https:\/\/drinkatering.com\/wp-content\/uploads\/2022\/01\/logo.png","contentUrl":"https:\/\/drinkatering.com\/wp-content\/uploads\/2022\/01\/logo.png","width":168,"height":74,"caption":"drinkatering"},"image":{"@id":"https:\/\/drinkatering.com\/#\/schema\/logo\/image\/"},"sameAs":["https:\/\/www.facebook.com\/dkrdrinkatering","https:\/\/www.linkedin.com\/company\/dkr-drinkatering\/"]}]}},"_links":{"self":[{"href":"https:\/\/drinkatering.com\/es\/wp-json\/wp\/v2\/product\/6080","targetHints":{"allow":["GET"]}}],"collection":[{"href":"https:\/\/drinkatering.com\/es\/wp-json\/wp\/v2\/product"}],"about":[{"href":"https:\/\/drinkatering.com\/es\/wp-json\/wp\/v2\/types\/product"}],"replies":[{"embeddable":true,"href":"https:\/\/drinkatering.com\/es\/wp-json\/wp\/v2\/comments?post=6080"}],"wp:featuredmedia":[{"embeddable":true,"href":"https:\/\/drinkatering.com\/es\/wp-json\/wp\/v2\/media\/6082"}],"wp:attachment":[{"href":"https:\/\/drinkatering.com\/es\/wp-json\/wp\/v2\/media?parent=6080"}],"wp:term":[{"taxonomy":"product_brand","embeddable":true,"href":"https:\/\/drinkatering.com\/es\/wp-json\/wp\/v2\/product_brand?post=6080"},{"taxonomy":"product_cat","embeddable":true,"href":"https:\/\/drinkatering.com\/es\/wp-json\/wp\/v2\/product_cat?post=6080"},{"taxonomy":"product_tag","embeddable":true,"href":"https:\/\/drinkatering.com\/es\/wp-json\/wp\/v2\/product_tag?post=6080"}],"curies":[{"name":"wp","href":"https:\/\/api.w.org\/{rel}","templated":true}]}}