{"id":6430,"date":"2025-02-12T12:45:13","date_gmt":"2025-02-12T11:45:13","guid":{"rendered":"https:\/\/www.drinkatering.com\/?page_id=6430"},"modified":"2025-07-15T18:30:24","modified_gmt":"2025-07-15T16:30:24","slug":"gaz-techniques","status":"publish","type":"page","link":"https:\/\/drinkatering.com\/fr\/gas-tecnici\/","title":{"rendered":"Atterrissage de GAS"},"content":{"rendered":"","protected":false},"excerpt":{"rendered":"<p> [&#8230;]<\/p>\n<p><a class=\"btn btn-secondary dkr-read-more-link\" href=\"https:\/\/drinkatering.com\/fr\/gas-tecnici\/\">Lire la suite&#8230;<\/a><\/p>\n","protected":false},"author":10,"featured_media":0,"parent":0,"menu_order":8,"comment_status":"closed","ping_status":"closed","template":"dkr-dark-blue.php","meta":{"_acf_changed":false,"footnotes":""},"class_list":["post-6430","page","type-page","status-publish","hentry"],"acf":[],"yoast_head":"<!-- This site is optimized with the Yoast SEO plugin v27.4 - https:\/\/yoast.com\/product\/yoast-seo-wordpress\/ -->\n<title>Gas Tecnici di Alta Qualit\u00e0 | Drinkatering<\/title>\n<meta name=\"description\" content=\"Scopri i gas tecnici di Drinkatering: soluzioni sicure e certificate per l\u2019erogazione e il trattamento dell\u2019acqua in modo efficiente.\" \/>\n<meta name=\"robots\" content=\"index, follow, max-snippet:-1, max-image-preview:large, max-video-preview:-1\" \/>\n<link rel=\"canonical\" href=\"https:\/\/drinkatering.com\/fr\/gaz-techniques\/\" \/>\n<meta property=\"og:locale\" content=\"fr_FR\" \/>\n<meta property=\"og:type\" content=\"article\" \/>\n<meta property=\"og:title\" content=\"Gas Tecnici di Alta Qualit\u00e0 | Drinkatering\" \/>\n<meta property=\"og:description\" content=\"Scopri i gas tecnici di Drinkatering: soluzioni sicure e certificate per l\u2019erogazione e il trattamento dell\u2019acqua in modo efficiente.\" \/>\n<meta property=\"og:url\" content=\"https:\/\/drinkatering.com\/fr\/gaz-techniques\/\" \/>\n<meta property=\"og:site_name\" content=\"DKR\" \/>\n<meta property=\"article:publisher\" content=\"https:\/\/www.facebook.com\/dkrdrinkatering\" \/>\n<meta property=\"article:modified_time\" content=\"2025-07-15T16:30:24+00:00\" \/>\n<meta name=\"twitter:card\" content=\"summary_large_image\" \/>\n<script type=\"application\/ld+json\" class=\"yoast-schema-graph\">{\"@context\":\"https:\\\/\\\/schema.org\",\"@graph\":[{\"@type\":\"WebPage\",\"@id\":\"https:\\\/\\\/drinkatering.com\\\/gas-tecnici\\\/\",\"url\":\"https:\\\/\\\/drinkatering.com\\\/gas-tecnici\\\/\",\"name\":\"Gas Tecnici di Alta Qualit\u00e0 | Drinkatering\",\"isPartOf\":{\"@id\":\"https:\\\/\\\/drinkatering.com\\\/#website\"},\"datePublished\":\"2025-02-12T11:45:13+00:00\",\"dateModified\":\"2025-07-15T16:30:24+00:00\",\"description\":\"Scopri i gas tecnici di Drinkatering: soluzioni sicure e certificate per l\u2019erogazione e il trattamento dell\u2019acqua in modo efficiente.\",\"breadcrumb\":{\"@id\":\"https:\\\/\\\/drinkatering.com\\\/gas-tecnici\\\/#breadcrumb\"},\"inLanguage\":\"fr-FR\",\"potentialAction\":[{\"@type\":\"ReadAction\",\"target\":[\"https:\\\/\\\/drinkatering.com\\\/gas-tecnici\\\/\"]}]},{\"@type\":\"BreadcrumbList\",\"@id\":\"https:\\\/\\\/drinkatering.com\\\/gas-tecnici\\\/#breadcrumb\",\"itemListElement\":[{\"@type\":\"ListItem\",\"position\":1,\"name\":\"Home\",\"item\":\"https:\\\/\\\/drinkatering.com\\\/\"},{\"@type\":\"ListItem\",\"position\":2,\"name\":\"GAS Landing\"}]},{\"@type\":\"WebSite\",\"@id\":\"https:\\\/\\\/drinkatering.com\\\/#website\",\"url\":\"https:\\\/\\\/drinkatering.com\\\/\",\"name\":\"drinkatering\",\"description\":\"Case dell&#039;Acqua e Apparecchiature per Erogazione Bevande\",\"publisher\":{\"@id\":\"https:\\\/\\\/drinkatering.com\\\/#organization\"},\"potentialAction\":[{\"@type\":\"SearchAction\",\"target\":{\"@type\":\"EntryPoint\",\"urlTemplate\":\"https:\\\/\\\/drinkatering.com\\\/?s={search_term_string}\"},\"query-input\":{\"@type\":\"PropertyValueSpecification\",\"valueRequired\":true,\"valueName\":\"search_term_string\"}}],\"inLanguage\":\"fr-FR\"},{\"@type\":\"Organization\",\"@id\":\"https:\\\/\\\/drinkatering.com\\\/#organization\",\"name\":\"drinkatering\",\"url\":\"https:\\\/\\\/drinkatering.com\\\/\",\"logo\":{\"@type\":\"ImageObject\",\"inLanguage\":\"fr-FR\",\"@id\":\"https:\\\/\\\/drinkatering.com\\\/#\\\/schema\\\/logo\\\/image\\\/\",\"url\":\"https:\\\/\\\/drinkatering.com\\\/wp-content\\\/uploads\\\/2022\\\/01\\\/logo.png\",\"contentUrl\":\"https:\\\/\\\/drinkatering.com\\\/wp-content\\\/uploads\\\/2022\\\/01\\\/logo.png\",\"width\":168,\"height\":74,\"caption\":\"drinkatering\"},\"image\":{\"@id\":\"https:\\\/\\\/drinkatering.com\\\/#\\\/schema\\\/logo\\\/image\\\/\"},\"sameAs\":[\"https:\\\/\\\/www.facebook.com\\\/dkrdrinkatering\",\"https:\\\/\\\/www.linkedin.com\\\/company\\\/dkr-drinkatering\\\/\"]}]}<\/script>\n<!-- \/ Yoast SEO plugin. -->","yoast_head_json":{"title":"Gaz techniques de haute qualit\u00e9","description":"D\u00e9couvrez les gaz techniques de Drinkatering : des solutions s\u00fbres et certifi\u00e9es pour une distribution et un traitement efficaces de l'eau.","robots":{"index":"index","follow":"follow","max-snippet":"max-snippet:-1","max-image-preview":"max-image-preview:large","max-video-preview":"max-video-preview:-1"},"canonical":"https:\/\/drinkatering.com\/fr\/gaz-techniques\/","og_locale":"fr_FR","og_type":"article","og_title":"Gas Tecnici di Alta Qualit\u00e0 | Drinkatering","og_description":"Scopri i gas tecnici di Drinkatering: soluzioni sicure e certificate per l\u2019erogazione e il trattamento dell\u2019acqua in modo efficiente.","og_url":"https:\/\/drinkatering.com\/fr\/gaz-techniques\/","og_site_name":"DKR","article_publisher":"https:\/\/www.facebook.com\/dkrdrinkatering","article_modified_time":"2025-07-15T16:30:24+00:00","twitter_card":"summary_large_image","schema":{"@context":"https:\/\/schema.org","@graph":[{"@type":"WebPage","@id":"https:\/\/drinkatering.com\/gas-tecnici\/","url":"https:\/\/drinkatering.com\/gas-tecnici\/","name":"Gaz techniques de haute qualit\u00e9","isPartOf":{"@id":"https:\/\/drinkatering.com\/#website"},"datePublished":"2025-02-12T11:45:13+00:00","dateModified":"2025-07-15T16:30:24+00:00","description":"D\u00e9couvrez les gaz techniques de Drinkatering : des solutions s\u00fbres et certifi\u00e9es pour une distribution et un traitement efficaces de l'eau.","breadcrumb":{"@id":"https:\/\/drinkatering.com\/gas-tecnici\/#breadcrumb"},"inLanguage":"fr-FR","potentialAction":[{"@type":"ReadAction","target":["https:\/\/drinkatering.com\/gas-tecnici\/"]}]},{"@type":"BreadcrumbList","@id":"https:\/\/drinkatering.com\/gas-tecnici\/#breadcrumb","itemListElement":[{"@type":"ListItem","position":1,"name":"Home","item":"https:\/\/drinkatering.com\/"},{"@type":"ListItem","position":2,"name":"GAS Landing"}]},{"@type":"WebSite","@id":"https:\/\/drinkatering.com\/#website","url":"https:\/\/drinkatering.com\/","name":"l'abreuvoir","description":"Distributeurs d'eau et de boissons","publisher":{"@id":"https:\/\/drinkatering.com\/#organization"},"potentialAction":[{"@type":"SearchAction","target":{"@type":"EntryPoint","urlTemplate":"https:\/\/drinkatering.com\/?s={search_term_string}"},"query-input":{"@type":"PropertyValueSpecification","valueRequired":true,"valueName":"search_term_string"}}],"inLanguage":"fr-FR"},{"@type":"Organization","@id":"https:\/\/drinkatering.com\/#organization","name":"l'abreuvoir","url":"https:\/\/drinkatering.com\/","logo":{"@type":"ImageObject","inLanguage":"fr-FR","@id":"https:\/\/drinkatering.com\/#\/schema\/logo\/image\/","url":"https:\/\/drinkatering.com\/wp-content\/uploads\/2022\/01\/logo.png","contentUrl":"https:\/\/drinkatering.com\/wp-content\/uploads\/2022\/01\/logo.png","width":168,"height":74,"caption":"drinkatering"},"image":{"@id":"https:\/\/drinkatering.com\/#\/schema\/logo\/image\/"},"sameAs":["https:\/\/www.facebook.com\/dkrdrinkatering","https:\/\/www.linkedin.com\/company\/dkr-drinkatering\/"]}]}},"_links":{"self":[{"href":"https:\/\/drinkatering.com\/fr\/wp-json\/wp\/v2\/pages\/6430","targetHints":{"allow":["GET"]}}],"collection":[{"href":"https:\/\/drinkatering.com\/fr\/wp-json\/wp\/v2\/pages"}],"about":[{"href":"https:\/\/drinkatering.com\/fr\/wp-json\/wp\/v2\/types\/page"}],"author":[{"embeddable":true,"href":"https:\/\/drinkatering.com\/fr\/wp-json\/wp\/v2\/users\/10"}],"replies":[{"embeddable":true,"href":"https:\/\/drinkatering.com\/fr\/wp-json\/wp\/v2\/comments?post=6430"}],"version-history":[{"count":0,"href":"https:\/\/drinkatering.com\/fr\/wp-json\/wp\/v2\/pages\/6430\/revisions"}],"wp:attachment":[{"href":"https:\/\/drinkatering.com\/fr\/wp-json\/wp\/v2\/media?parent=6430"}],"curies":[{"name":"wp","href":"https:\/\/api.w.org\/{rel}","templated":true}]}}